{"id":17,"date":"2023-05-04T17:10:28","date_gmt":"2023-05-04T17:10:28","guid":{"rendered":"https:\/\/somoseslabones.es\/?page_id=17"},"modified":"2026-02-24T14:58:47","modified_gmt":"2026-02-24T12:58:47","slug":"inicio","status":"publish","type":"page","link":"https:\/\/somoseslabones.es\/","title":{"rendered":"Inicio"},"content":{"rendered":"\n<div class=\"wp-block-cover alignfull is-light\" style=\"min-height:731px\"><span aria-hidden=\"true\" class=\"wp-block-cover__background has-background-dim-0 has-background-dim\"><\/span><img decoding=\"async\" loading=\"lazy\" width=\"1920\" height=\"1280\" class=\"wp-block-cover__image-background wp-image-42\" alt=\"\" src=\"https:\/\/somoseslabones.es\/wp-content\/uploads\/2023\/05\/header.jpg\" style=\"object-position:28% 40%\" data-object-fit=\"cover\" data-object-position=\"28% 40%\" srcset=\"https:\/\/somoseslabones.es\/wp-content\/uploads\/2023\/05\/header.jpg 1920w, https:\/\/somoseslabones.es\/wp-content\/uploads\/2023\/05\/header-300x200.jpg 300w, https:\/\/somoseslabones.es\/wp-content\/uploads\/2023\/05\/header-1024x683.jpg 1024w, https:\/\/somoseslabones.es\/wp-content\/uploads\/2023\/05\/header-768x512.jpg 768w, https:\/\/somoseslabones.es\/wp-content\/uploads\/2023\/05\/header-1536x1024.jpg 1536w, https:\/\/somoseslabones.es\/wp-content\/uploads\/2023\/05\/header-930x620.jpg 930w\" sizes=\"(max-width: 1920px) 100vw, 1920px\" \/><div class=\"wp-block-cover__inner-container is-layout-flow wp-block-cover-is-layout-flow\">\n<div style=\"height:80px\" aria-hidden=\"true\" class=\"wp-block-spacer\"><\/div>\n\n\n\n<h1 class=\"wp-block-heading has-text-align-left has-text-color\" style=\"color:#121212\"><mark style=\"background-color:rgba(0, 0, 0, 0)\" class=\"has-inline-color has-neve-link-color-color\">somos<\/mark> eslabones<\/h1>\n\n\n\n<div class=\"wp-block-columns is-layout-flex wp-container-5 wp-block-columns-is-layout-flex\">\n<div class=\"wp-block-column is-layout-flow wp-block-column-is-layout-flow\" style=\"flex-basis:100%\">\n<div class=\"wp-block-columns is-layout-flex wp-container-3 wp-block-columns-is-layout-flex\">\n<div class=\"wp-block-column is-layout-flow wp-block-column-is-layout-flow\">\n<p class=\"has-text-align-left has-text-color\" style=\"color:#121212;font-size:17px\">Empresa social y  sostenible centrada en el acompa\u00f1amiento sociolaboral de poblaci\u00f3n en vulnerabilidad. <\/p>\n\n\n\n<p class=\"has-text-align-left has-text-color\" style=\"color:#121212;font-size:17px\"><strong>SERVICIOS DE REPARTO Y LIMPIEZA<\/strong><\/p>\n<\/div>\n\n\n\n<div class=\"wp-block-column is-layout-flow wp-block-column-is-layout-flow\">\n<div style=\"height:9px\" aria-hidden=\"true\" class=\"wp-block-spacer\"><\/div>\n<\/div>\n<\/div>\n<\/div>\n<\/div>\n\n\n\n<div class=\"wp-block-buttons is-content-justification-left is-layout-flex wp-container-6 wp-block-buttons-is-layout-flex\">\n<div class=\"wp-block-button is-style-primary\"><a class=\"wp-block-button__link wp-element-button\" href=\"#servicios\">VER SERVICIOS<\/a><\/div>\n<\/div>\n\n\n\n<div style=\"height:80px\" aria-hidden=\"true\" class=\"wp-block-spacer\"><\/div>\n\n\n\n<p><\/p>\n<\/div><\/div>\n\n\n\n<div style=\"height:80px\" aria-hidden=\"true\" class=\"wp-block-spacer\"><\/div>\n\n\n\n<h2 class=\"wp-block-heading has-text-align-center\">compromiso social<\/h2>\n\n\n\n<div style=\"height:30px\" aria-hidden=\"true\" class=\"wp-block-spacer\"><\/div>\n\n\n\n<div class=\"wp-block-columns is-layout-flex wp-container-13 wp-block-columns-is-layout-flex\">\n<div class=\"wp-block-column is-layout-flow wp-block-column-is-layout-flow\" style=\"flex-basis:20%\"><\/div>\n\n\n\n<div class=\"wp-block-column is-layout-flow wp-block-column-is-layout-flow\" style=\"flex-basis:20%\"><\/div>\n\n\n\n<div class=\"wp-block-column has-medium-font-size is-layout-flow wp-block-column-is-layout-flow\" style=\"flex-basis:20%\">\n<hr class=\"wp-block-separator aligncenter has-text-color has-alpha-channel-opacity has-background is-style-wide\" style=\"background-color:#6e122b;color:#6e122b\"\/>\n\n\n\n<div style=\"height:30px\" aria-hidden=\"true\" class=\"wp-block-spacer\"><\/div>\n<\/div>\n\n\n\n<div class=\"wp-block-column is-layout-flow wp-block-column-is-layout-flow\" style=\"flex-basis:20%\"><\/div>\n\n\n\n<div class=\"wp-block-column is-layout-flow wp-block-column-is-layout-flow\" style=\"flex-basis:20%\"><\/div>\n<\/div>\n\n\n\n<div class=\"wp-block-columns is-layout-flex wp-container-17 wp-block-columns-is-layout-flex\">\n<div class=\"wp-block-column is-layout-flow wp-block-column-is-layout-flow\"><div class=\"wp-block-image icon-style is-style-default\">\n<figure class=\"aligncenter is-resized\"><img decoding=\"async\" src=\"https:\/\/somoseslabones.es\/wp-content\/themes\/neve\/assets\/img\/starter-content\/icon-03.svg\" alt=\"\" style=\"width:48px;height:48px\"\/><\/figure><\/div>\n\n\n<h3 class=\"wp-block-heading has-text-align-center has-neve-text-color-color has-text-color\">Acompa\u00f1amiento<\/h3>\n\n\n\n<p class=\"has-text-align-center\">Un t\u00e9cnico de apoyo acompa\u00f1a a los trabajdores durante toda su contrataci\u00f3n<\/p>\n\n\n\n<div style=\"height:20px\" aria-hidden=\"true\" class=\"wp-block-spacer\"><\/div>\n<\/div>\n\n\n\n<div class=\"wp-block-column is-layout-flow wp-block-column-is-layout-flow\"><div class=\"wp-block-image icon-style is-style-default\">\n<figure class=\"aligncenter is-resized\"><img decoding=\"async\" src=\"https:\/\/somoseslabones.es\/wp-content\/themes\/neve\/assets\/img\/starter-content\/icon-02.svg\" alt=\"\" style=\"width:48px;height:48px\"\/><\/figure><\/div>\n\n\n<h3 class=\"wp-block-heading has-text-align-center has-neve-text-color-color has-text-color\">Sostenibilidad<\/h3>\n\n\n\n<p class=\"has-text-align-center\">Tanto los servicios de reparto como la limpieza se hacen mediante veh\u00edculo eco y con productos eco y a granel<\/p>\n\n\n\n<div style=\"height:20px\" aria-hidden=\"true\" class=\"wp-block-spacer\"><\/div>\n<\/div>\n\n\n\n<div class=\"wp-block-column is-layout-flow wp-block-column-is-layout-flow\"><div class=\"wp-block-image icon-style is-style-rounded\">\n<figure class=\"aligncenter is-resized\"><img decoding=\"async\" src=\"https:\/\/somoseslabones.es\/wp-content\/themes\/neve\/assets\/img\/starter-content\/icon-01.svg\" alt=\"\" style=\"width:48px;height:48px\"\/><\/figure><\/div>\n\n\n<h3 class=\"wp-block-heading has-text-align-center has-neve-text-color-color has-text-color\">\u00daltima milla<\/h3>\n\n\n\n<p class=\"has-text-align-center\">Con Carabanchel como centro de operaciones, y con miras a todo Madrid<\/p>\n\n\n\n<div style=\"height:20px\" aria-hidden=\"true\" class=\"wp-block-spacer\"><\/div>\n<\/div>\n<\/div>\n\n\n\n<div style=\"height:80px\" aria-hidden=\"true\" class=\"wp-block-spacer\"><\/div>\n\n\n\n<div class=\"wp-block-cover alignfull\" style=\"min-height:600px\" id=\"servicios\"><span aria-hidden=\"true\" class=\"wp-block-cover__background has-nv-light-bg-background-color has-background-dim-100 has-background-dim\"><\/span><div class=\"wp-block-cover__inner-container is-layout-flow wp-block-cover-is-layout-flow\">\n<div class=\"wp-block-group is-layout-flow wp-block-group-is-layout-flow\"><div class=\"wp-block-group__inner-container\">\n<div style=\"height:80px\" aria-hidden=\"true\" class=\"wp-block-spacer\"><\/div>\n\n\n\n<div class=\"wp-block-columns are-vertically-aligned-center is-layout-flex wp-container-21 wp-block-columns-is-layout-flex\">\n<div class=\"wp-block-column is-vertically-aligned-center is-layout-flow wp-block-column-is-layout-flow\" style=\"flex-basis:50%\">\n<figure class=\"wp-block-image size-large\"><img decoding=\"async\" loading=\"lazy\" width=\"1024\" height=\"683\" src=\"https:\/\/somoseslabones.es\/wp-content\/uploads\/2023\/05\/Reparto-1024x683.jpg\" alt=\"\" class=\"wp-image-70\" srcset=\"https:\/\/somoseslabones.es\/wp-content\/uploads\/2023\/05\/Reparto-1024x683.jpg 1024w, https:\/\/somoseslabones.es\/wp-content\/uploads\/2023\/05\/Reparto-300x200.jpg 300w, https:\/\/somoseslabones.es\/wp-content\/uploads\/2023\/05\/Reparto-768x512.jpg 768w, https:\/\/somoseslabones.es\/wp-content\/uploads\/2023\/05\/Reparto-930x620.jpg 930w, https:\/\/somoseslabones.es\/wp-content\/uploads\/2023\/05\/Reparto.jpg 1200w\" sizes=\"(max-width: 1024px) 100vw, 1024px\" \/><\/figure>\n<\/div>\n\n\n\n<div class=\"wp-block-column is-vertically-aligned-center is-layout-flow wp-block-column-is-layout-flow\" style=\"flex-basis:50%\">\n<div style=\"height:20px\" aria-hidden=\"true\" class=\"wp-block-spacer\"><\/div>\n\n\n\n<h2 class=\"wp-block-heading has-text-align-left has-neve-text-color-color has-text-color\">Servicio de reparto de \u00faltima milla sostenible<\/h2>\n\n\n\n<p class=\"has-text-align-left has-neve-text-color-color has-text-color\" style=\"font-size:17px\">Repartimos en Carabanchel principalmente, y damos servicio prioritario a Usera, Latina y Arganzuela. Tambi\u00e9n podemos realizar entregas en toda la pen\u00ednsula mediante nuestro partner <a href=\"https:\/\/koiki.es\/\">KOIKI<\/a><\/p>\n\n\n\n<div class=\"wp-block-buttons is-content-justification-left is-layout-flex wp-container-19 wp-block-buttons-is-layout-flex\">\n<div class=\"wp-block-button is-style-primary\"><a class=\"wp-block-button__link wp-element-button\" href=\"https:\/\/somoseslabones.es\/wp-content\/uploads\/2024\/11\/Tarifas-SE-2024.pdf.pdf\" target=\"_blank\" rel=\"noreferrer noopener\">DESCARGAR TARIFAS<\/a><\/div>\n<\/div>\n<\/div>\n<\/div>\n\n\n\n<div style=\"height:40px\" aria-hidden=\"true\" class=\"wp-block-spacer\"><\/div>\n<\/div><\/div>\n<\/div><\/div>\n\n\n\n<div class=\"wp-block-cover alignfull\" style=\"min-height:600px\"><span aria-hidden=\"true\" class=\"wp-block-cover__background has-nv-site-bg-background-color has-background-dim-100 has-background-dim\"><\/span><div class=\"wp-block-cover__inner-container is-layout-flow wp-block-cover-is-layout-flow\">\n<div class=\"wp-block-group is-layout-flow wp-block-group-is-layout-flow\"><div class=\"wp-block-group__inner-container\">\n<div style=\"height:80px\" aria-hidden=\"true\" class=\"wp-block-spacer\"><\/div>\n\n\n\n<div class=\"wp-block-columns are-vertically-aligned-center is-layout-flex wp-container-27 wp-block-columns-is-layout-flex\">\n<div class=\"wp-block-column is-vertically-aligned-center is-layout-flow wp-block-column-is-layout-flow\" style=\"flex-basis:50%\">\n<h2 class=\"wp-block-heading has-text-align-left has-neve-text-color-color has-text-color\">Servicios de limpieza<\/h2>\n\n\n\n<p class=\"has-text-align-left has-neve-text-color-color has-text-color\" style=\"font-size:17px\">Realizamos limpieza de locales y oficinas con productos ecol\u00f3gicos y a granel de la mano de <a href=\"https:\/\/reusa.es\/\">RE\u00daSA zero residuo<\/a><\/p>\n\n\n\n<div class=\"wp-block-buttons is-content-justification-left is-layout-flex wp-container-24 wp-block-buttons-is-layout-flex\">\n<div class=\"wp-block-button is-style-primary\"><a class=\"wp-block-button__link wp-element-button\" href=\"hola@somoseslabones.es\">CONTACTA<\/a><\/div>\n<\/div>\n\n\n\n<div style=\"height:40px\" aria-hidden=\"true\" class=\"wp-block-spacer\"><\/div>\n<\/div>\n\n\n\n<div class=\"wp-block-column is-vertically-aligned-center is-layout-flow wp-block-column-is-layout-flow\" style=\"flex-basis:50%\">\n<figure class=\"wp-block-image size-large\"><img decoding=\"async\" loading=\"lazy\" width=\"1024\" height=\"683\" src=\"https:\/\/somoseslabones.es\/wp-content\/uploads\/2023\/05\/Limpieza-1-1024x683.jpg\" alt=\"\" class=\"wp-image-71\" srcset=\"https:\/\/somoseslabones.es\/wp-content\/uploads\/2023\/05\/Limpieza-1-1024x683.jpg 1024w, https:\/\/somoseslabones.es\/wp-content\/uploads\/2023\/05\/Limpieza-1-300x200.jpg 300w, https:\/\/somoseslabones.es\/wp-content\/uploads\/2023\/05\/Limpieza-1-768x512.jpg 768w, https:\/\/somoseslabones.es\/wp-content\/uploads\/2023\/05\/Limpieza-1-930x620.jpg 930w, https:\/\/somoseslabones.es\/wp-content\/uploads\/2023\/05\/Limpieza-1.jpg 1200w\" sizes=\"(max-width: 1024px) 100vw, 1024px\" \/><\/figure>\n<\/div>\n<\/div>\n\n\n\n<div style=\"height:40px\" aria-hidden=\"true\" class=\"wp-block-spacer\"><\/div>\n<\/div><\/div>\n<\/div><\/div>\n\n\n\n<div class=\"wp-block-cover alignfull\" style=\"min-height:300px\"><span aria-hidden=\"true\" class=\"wp-block-cover__background has-nv-dark-bg-background-color has-background-dim-100 has-background-dim\"><\/span><div class=\"wp-block-cover__inner-container is-layout-flow wp-block-cover-is-layout-flow\">\n<div style=\"height:140px\" aria-hidden=\"true\" class=\"wp-block-spacer\"><\/div>\n\n\n\n<h2 class=\"wp-block-heading has-text-align-center has-nv-text-dark-bg-color has-text-color\">Contacta con nosotros<\/h2>\n\n\n\n<div class=\"wp-block-columns is-layout-flex wp-container-35 wp-block-columns-is-layout-flex\">\n<div class=\"wp-block-column is-layout-flow wp-block-column-is-layout-flow\" style=\"flex-basis:20%\"><\/div>\n\n\n\n<div class=\"wp-block-column is-layout-flow wp-block-column-is-layout-flow\" style=\"flex-basis:20%\"><\/div>\n\n\n\n<div class=\"wp-block-column has-medium-font-size is-layout-flow wp-block-column-is-layout-flow\" style=\"flex-basis:20%\">\n<hr class=\"wp-block-separator aligncenter has-text-color has-alpha-channel-opacity has-background is-style-wide\" style=\"background-color:#6e122b;color:#6e122b\"\/>\n\n\n\n<div style=\"height:30px\" aria-hidden=\"true\" class=\"wp-block-spacer\"><\/div>\n<\/div>\n\n\n\n<div class=\"wp-block-column is-layout-flow wp-block-column-is-layout-flow\" style=\"flex-basis:20%\"><\/div>\n\n\n\n<div class=\"wp-block-column is-layout-flow wp-block-column-is-layout-flow\" style=\"flex-basis:20%\"><\/div>\n<\/div>\n\n\n\n<div class=\"wp-block-columns has-medium-font-size is-layout-flex wp-container-42 wp-block-columns-is-layout-flex\">\n<div class=\"wp-block-column is-layout-flow wp-block-column-is-layout-flow\" style=\"flex-basis:20%\"><\/div>\n\n\n\n<div class=\"wp-block-column is-layout-flow wp-block-column-is-layout-flow\" style=\"flex-basis:30%\">\n<p>Estamos en:<\/p>\n\n\n\n<h3 class=\"wp-block-heading\">Eslab ON Coworking<\/h3>\n\n\n\n<p><a href=\"https:\/\/goo.gl\/maps\/yoMXVhJriyE2\" target=\"_blank\" rel=\"noreferrer noopener\">Calle Valle de Oro 50, local posterior&nbsp; 28019 Madrid<\/a><br>Metro Opa\u00f1el (salida Valle de Oro) (L6)<\/p>\n<\/div>\n\n\n\n<div class=\"wp-block-column is-layout-flow wp-block-column-is-layout-flow\" style=\"flex-basis:30%\">\n<p>Tel\u00e9fono de contacto: <\/p>\n\n\n\n<h3 class=\"wp-block-heading\">667340773<\/h3>\n\n\n\n<p>Correo electr\u00f3nico: <\/p>\n\n\n\n<h5 class=\"wp-block-heading\"><a href=\"mailto: hola@somoseslabones.es\">hola@somoseslabones.es<\/a><\/h5>\n<\/div>\n\n\n\n<div class=\"wp-block-column is-layout-flow wp-block-column-is-layout-flow\" style=\"flex-basis:20%\">\n<div class=\"wp-block-cover is-light\" style=\"min-height:198px\"><span aria-hidden=\"true\" class=\"wp-block-cover__background has-background-dim\"><\/span><img decoding=\"async\" loading=\"lazy\" width=\"680\" height=\"278\" class=\"wp-block-cover__image-background wp-image-113\" alt=\"\" src=\"https:\/\/somoseslabones.es\/wp-content\/uploads\/2025\/02\/logo-ayto-madrid-blanco.png\" style=\"object-position:0% 86%\" data-object-fit=\"cover\" data-object-position=\"0% 86%\" srcset=\"https:\/\/somoseslabones.es\/wp-content\/uploads\/2025\/02\/logo-ayto-madrid-blanco.png 680w, https:\/\/somoseslabones.es\/wp-content\/uploads\/2025\/02\/logo-ayto-madrid-blanco-300x123.png 300w\" sizes=\"(max-width: 680px) 100vw, 680px\" \/><div class=\"wp-block-cover__inner-container is-layout-flow wp-block-cover-is-layout-flow\">\n<p class=\"has-text-align-center has-large-font-size\"><\/p>\n<\/div><\/div>\n\n\n\n<div class=\"wp-block-cover is-light\" style=\"min-height:198px\"><span aria-hidden=\"true\" class=\"wp-block-cover__background has-background-dim\"><\/span><img decoding=\"async\" loading=\"lazy\" width=\"225\" height=\"225\" class=\"wp-block-cover__image-background wp-image-122\" alt=\"\" src=\"https:\/\/somoseslabones.es\/wp-content\/uploads\/2025\/07\/LOGO-COM-MADRID-Y-FSE-1.png\" data-object-fit=\"cover\" srcset=\"https:\/\/somoseslabones.es\/wp-content\/uploads\/2025\/07\/LOGO-COM-MADRID-Y-FSE-1.png 225w, https:\/\/somoseslabones.es\/wp-content\/uploads\/2025\/07\/LOGO-COM-MADRID-Y-FSE-1-150x150.png 150w\" sizes=\"(max-width: 225px) 100vw, 225px\" \/><div class=\"wp-block-cover__inner-container is-layout-flow wp-block-cover-is-layout-flow\">\n<p class=\"has-text-align-center has-large-font-size\"><\/p>\n<\/div><\/div>\n\n\n\n<figure class=\"wp-block-image size-large\"><img decoding=\"async\" src=\"https:\/\/media.licdn.com\/dms\/image\/v2\/D4D12AQHiwVA5nbfRGg\/article-cover_image-shrink_720_1280\/article-cover_image-shrink_720_1280\/0\/1685359182313?e=2147483647&amp;v=beta&amp;t=96aC7djEdmiEMYGJ-pLKBAU5E-uYlyoertIVhtlL-zc\" alt=\"\"\/><\/figure>\n<\/div>\n<\/div>\n\n\n\n<div class=\"wp-block-buttons is-content-justification-center is-layout-flex wp-container-43 wp-block-buttons-is-layout-flex\">\n<div class=\"wp-block-button\"><a class=\"wp-block-button__link wp-element-button\"><sub>Financiados 1715,13\u20ac con cargo a la convocatoria p\u00fablica de subvenciones de promoci\u00f3n y desarrollo de la econom\u00eda social, para la anualidad 2024, del Ayuntamiento de Madrid<\/sub>.<\/a><\/div>\n\n\n\n<div class=\"wp-block-button\"><a class=\"wp-block-button__link wp-element-button\">Financiados 41.590,15 con cargo a la convocatoria p\u00fablica de subvenciones <strong>PROGRAMA INTEGRACI\u00d3N LABORAL DE PERSONAS EN SITUACI\u00d3N DE EXCLUSI\u00d3N SOCIAL MEDIANTE AYUDAS A LAS EMPRESAS DE INSERCI\u00d3N<\/strong> DE COMUNIDAD DE MADRID<\/a><\/div>\n<\/div>\n\n\n\n<div style=\"height:140px\" aria-hidden=\"true\" class=\"wp-block-spacer\"><\/div>\n<\/div><\/div>\n","protected":false},"excerpt":{"rendered":"<p>compromiso social Acompa\u00f1amiento Un t\u00e9cnico de apoyo acompa\u00f1a a los trabajdores durante toda su contrataci\u00f3n Sostenibilidad Tanto los servicios de reparto como la limpieza se hacen mediante veh\u00edculo eco y con productos eco y a granel \u00daltima milla Con Carabanchel como centro de operaciones, y con miras a todo Madrid<\/p>\n","protected":false},"author":1,"featured_media":0,"parent":0,"menu_order":0,"comment_status":"closed","ping_status":"closed","template":"","meta":{"_uag_custom_page_level_css":"","neve_meta_sidebar":"full-width","neve_meta_container":"contained","neve_meta_enable_content_width":"on","neve_meta_content_width":90,"neve_meta_title_alignment":"","neve_meta_author_avatar":"","neve_post_elements_order":"","neve_meta_disable_header":"off","neve_meta_disable_footer":"","neve_meta_disable_title":"on","neve_meta_reading_time":"","_ti_tpc_template_sync":false,"_ti_tpc_template_id":"","footnotes":""},"yoast_head":"<!-- This site is optimized with the Yoast SEO plugin v21.2 - https:\/\/yoast.com\/wordpress\/plugins\/seo\/ -->\n<title>Inicio - somos eslabones<\/title>\n<meta name=\"robots\" content=\"index, follow, max-snippet:-1, max-image-preview:large, max-video-preview:-1\" \/>\n<link rel=\"canonical\" href=\"https:\/\/somoseslabones.es\/\" \/>\n<meta property=\"og:locale\" content=\"es_ES\" \/>\n<meta property=\"og:type\" content=\"article\" \/>\n<meta property=\"og:title\" content=\"Inicio - somos eslabones\" \/>\n<meta property=\"og:description\" content=\"compromiso social Acompa\u00f1amiento Un t\u00e9cnico de apoyo acompa\u00f1a a los trabajdores durante toda su contrataci\u00f3n Sostenibilidad Tanto los servicios de reparto como la limpieza se hacen mediante veh\u00edculo eco y con productos eco y a granel \u00daltima milla Con Carabanchel como centro de operaciones, y con miras a todo Madrid\" \/>\n<meta property=\"og:url\" content=\"https:\/\/somoseslabones.es\/\" \/>\n<meta property=\"og:site_name\" content=\"somos eslabones\" \/>\n<meta property=\"article:modified_time\" content=\"2026-02-24T12:58:47+00:00\" \/>\n<meta property=\"og:image\" content=\"https:\/\/somoseslabones.es\/wp-content\/uploads\/2023\/05\/header.jpg\" \/>\n<meta name=\"twitter:card\" content=\"summary_large_image\" \/>\n<meta name=\"twitter:label1\" content=\"Tiempo de lectura\" \/>\n\t<meta name=\"twitter:data1\" content=\"3 minutos\" \/>\n<script type=\"application\/ld+json\" class=\"yoast-schema-graph\">{\"@context\":\"https:\/\/schema.org\",\"@graph\":[{\"@type\":\"WebPage\",\"@id\":\"https:\/\/somoseslabones.es\/\",\"url\":\"https:\/\/somoseslabones.es\/\",\"name\":\"Inicio - somos eslabones\",\"isPartOf\":{\"@id\":\"https:\/\/somoseslabones.es\/#website\"},\"datePublished\":\"2023-05-04T17:10:28+00:00\",\"dateModified\":\"2026-02-24T12:58:47+00:00\",\"breadcrumb\":{\"@id\":\"https:\/\/somoseslabones.es\/#breadcrumb\"},\"inLanguage\":\"es\",\"potentialAction\":[{\"@type\":\"ReadAction\",\"target\":[\"https:\/\/somoseslabones.es\/\"]}]},{\"@type\":\"BreadcrumbList\",\"@id\":\"https:\/\/somoseslabones.es\/#breadcrumb\",\"itemListElement\":[{\"@type\":\"ListItem\",\"position\":1,\"name\":\"Portada\",\"item\":\"https:\/\/somoseslabones.es\/\"},{\"@type\":\"ListItem\",\"position\":2,\"name\":\"Inicio\"}]},{\"@type\":\"WebSite\",\"@id\":\"https:\/\/somoseslabones.es\/#website\",\"url\":\"https:\/\/somoseslabones.es\/\",\"name\":\"somos eslabones\",\"description\":\"\",\"publisher\":{\"@id\":\"https:\/\/somoseslabones.es\/#organization\"},\"potentialAction\":[{\"@type\":\"SearchAction\",\"target\":{\"@type\":\"EntryPoint\",\"urlTemplate\":\"https:\/\/somoseslabones.es\/?s={search_term_string}\"},\"query-input\":\"required name=search_term_string\"}],\"inLanguage\":\"es\"},{\"@type\":\"Organization\",\"@id\":\"https:\/\/somoseslabones.es\/#organization\",\"name\":\"somos eslabones\",\"url\":\"https:\/\/somoseslabones.es\/\",\"logo\":{\"@type\":\"ImageObject\",\"inLanguage\":\"es\",\"@id\":\"https:\/\/somoseslabones.es\/#\/schema\/logo\/image\/\",\"url\":\"\",\"contentUrl\":\"\",\"caption\":\"somos eslabones\"},\"image\":{\"@id\":\"https:\/\/somoseslabones.es\/#\/schema\/logo\/image\/\"}}]}<\/script>\n<!-- \/ Yoast SEO plugin. -->","yoast_head_json":{"title":"Inicio - somos eslabones","robots":{"index":"index","follow":"follow","max-snippet":"max-snippet:-1","max-image-preview":"max-image-preview:large","max-video-preview":"max-video-preview:-1"},"canonical":"https:\/\/somoseslabones.es\/","og_locale":"es_ES","og_type":"article","og_title":"Inicio - somos eslabones","og_description":"compromiso social Acompa\u00f1amiento Un t\u00e9cnico de apoyo acompa\u00f1a a los trabajdores durante toda su contrataci\u00f3n Sostenibilidad Tanto los servicios de reparto como la limpieza se hacen mediante veh\u00edculo eco y con productos eco y a granel \u00daltima milla Con Carabanchel como centro de operaciones, y con miras a todo Madrid","og_url":"https:\/\/somoseslabones.es\/","og_site_name":"somos eslabones","article_modified_time":"2026-02-24T12:58:47+00:00","og_image":[{"url":"https:\/\/somoseslabones.es\/wp-content\/uploads\/2023\/05\/header.jpg"}],"twitter_card":"summary_large_image","twitter_misc":{"Tiempo de lectura":"3 minutos"},"schema":{"@context":"https:\/\/schema.org","@graph":[{"@type":"WebPage","@id":"https:\/\/somoseslabones.es\/","url":"https:\/\/somoseslabones.es\/","name":"Inicio - somos eslabones","isPartOf":{"@id":"https:\/\/somoseslabones.es\/#website"},"datePublished":"2023-05-04T17:10:28+00:00","dateModified":"2026-02-24T12:58:47+00:00","breadcrumb":{"@id":"https:\/\/somoseslabones.es\/#breadcrumb"},"inLanguage":"es","potentialAction":[{"@type":"ReadAction","target":["https:\/\/somoseslabones.es\/"]}]},{"@type":"BreadcrumbList","@id":"https:\/\/somoseslabones.es\/#breadcrumb","itemListElement":[{"@type":"ListItem","position":1,"name":"Portada","item":"https:\/\/somoseslabones.es\/"},{"@type":"ListItem","position":2,"name":"Inicio"}]},{"@type":"WebSite","@id":"https:\/\/somoseslabones.es\/#website","url":"https:\/\/somoseslabones.es\/","name":"somos eslabones","description":"","publisher":{"@id":"https:\/\/somoseslabones.es\/#organization"},"potentialAction":[{"@type":"SearchAction","target":{"@type":"EntryPoint","urlTemplate":"https:\/\/somoseslabones.es\/?s={search_term_string}"},"query-input":"required name=search_term_string"}],"inLanguage":"es"},{"@type":"Organization","@id":"https:\/\/somoseslabones.es\/#organization","name":"somos eslabones","url":"https:\/\/somoseslabones.es\/","logo":{"@type":"ImageObject","inLanguage":"es","@id":"https:\/\/somoseslabones.es\/#\/schema\/logo\/image\/","url":"","contentUrl":"","caption":"somos eslabones"},"image":{"@id":"https:\/\/somoseslabones.es\/#\/schema\/logo\/image\/"}}]}},"uagb_featured_image_src":{"full":false,"thumbnail":false,"medium":false,"medium_large":false,"large":false,"1536x1536":false,"2048x2048":false,"neve-blog":false},"uagb_author_info":{"display_name":"admin","author_link":"https:\/\/somoseslabones.es\/?author=1"},"uagb_comment_info":0,"uagb_excerpt":"compromiso social Acompa\u00f1amiento Un t\u00e9cnico de apoyo acompa\u00f1a a los trabajdores durante toda su contrataci\u00f3n Sostenibilidad Tanto los servicios de reparto como la limpieza se hacen mediante veh\u00edculo eco y con productos eco y a granel \u00daltima milla Con Carabanchel como centro de operaciones, y con miras a todo Madrid","_links":{"self":[{"href":"https:\/\/somoseslabones.es\/index.php?rest_route=\/wp\/v2\/pages\/17"}],"collection":[{"href":"https:\/\/somoseslabones.es\/index.php?rest_route=\/wp\/v2\/pages"}],"about":[{"href":"https:\/\/somoseslabones.es\/index.php?rest_route=\/wp\/v2\/types\/page"}],"author":[{"embeddable":true,"href":"https:\/\/somoseslabones.es\/index.php?rest_route=\/wp\/v2\/users\/1"}],"replies":[{"embeddable":true,"href":"https:\/\/somoseslabones.es\/index.php?rest_route=%2Fwp%2Fv2%2Fcomments&post=17"}],"version-history":[{"count":28,"href":"https:\/\/somoseslabones.es\/index.php?rest_route=\/wp\/v2\/pages\/17\/revisions"}],"predecessor-version":[{"id":127,"href":"https:\/\/somoseslabones.es\/index.php?rest_route=\/wp\/v2\/pages\/17\/revisions\/127"}],"wp:attachment":[{"href":"https:\/\/somoseslabones.es\/index.php?rest_route=%2Fwp%2Fv2%2Fmedia&parent=17"}],"curies":[{"name":"wp","href":"https:\/\/api.w.org\/{rel}","templated":true}]}}